{"id":38,"date":"2022-01-31T07:19:44","date_gmt":"2022-01-31T07:19:44","guid":{"rendered":"https:\/\/oslimwp.pixydrops.com\/?page_id=38"},"modified":"2024-10-22T11:14:52","modified_gmt":"2024-10-22T11:14:52","slug":"hizmetlerimiz","status":"publish","type":"page","link":"https:\/\/monetahr.com\/en\/hizmetlerimiz\/","title":{"rendered":"Our Services"},"content":{"rendered":"<div data-elementor-type=\"wp-page\" data-elementor-id=\"38\" class=\"elementor elementor-38\">\n\t\t\t\t\t\t<section class=\"elementor-section elementor-top-section elementor-element elementor-element-f750eea elementor-section-full_width elementor-section-height-default elementor-section-height-default\" data-id=\"f750eea\" data-element_type=\"section\">\n\t\t\t\t\t\t<div class=\"elementor-container elementor-column-gap-no\">\n\t\t\t\t\t<div class=\"elementor-column elementor-col-100 elementor-top-column elementor-element elementor-element-92733f1\" data-id=\"92733f1\" data-element_type=\"column\">\n\t\t\t<div class=\"elementor-widget-wrap elementor-element-populated\">\n\t\t\t\t\t\t<div class=\"elementor-element elementor-element-125c5e3 elementor-widget elementor-widget-oslim-service\" data-id=\"125c5e3\" data-element_type=\"widget\" data-widget_type=\"oslim-service.default\">\n\t\t\t\t<div class=\"elementor-widget-container\">\n\t\t\t\r\n   <!--Services One Start-->\r\n   <section class=\"services-one\">\r\n\t\t<div class=\"container\">\r\n\t\t\t<div class=\"row\">\r\n\t\t\t\t\t\t\t<div class=\"col-xl-4 col-lg-4 col-md-6\">\r\n\t\t\t\t\t<!--Services One Single-->\r\n\t\t\t\t\t<div class=\"services-one__single\">\r\n\t\t\t\t\t \t\t\t\t\t\t<div class=\"services-one__img\">\r\n\t\t\t\t\t\t\t<img fetchpriority=\"high\" decoding=\"async\" width=\"370\" height=\"256\" src=\"https:\/\/monetahr.com\/wp-content\/uploads\/2022\/02\/secme-ve-yerlestirme-1-370x256.jpg\" class=\"attachment-oslim_service_370X256 size-oslim_service_370X256 wp-post-image\" alt=\"\" \/>\t\t\t\t\t\t<\/div>\r\n\t\t\t\t\t  \t\t\t\t\t\t<div class=\"services-one__content\">\r\n\t\t\t\t\t\t\t<div class=\"services-one__title-box\">\r\n\t\t\t\t\t\t\t\t<div class=\"services-one__title-icon\">\r\n\t\t\t\t\t\t\t\t\t\t\t\t\t\t\t\t\t<span class=\"icon-data-analytics\"><\/span>\r\n\t\t\t\t\t\t\t\t<\/div>\r\n\t\t\t\t\t\t\t\t<h3 class=\"services-one__title\"><a href=\"https:\/\/monetahr.com\/en\/hizmetler\/secme-ve-yerlestirme\/\">Selection and Placement<\/a><\/h3>\r\n\t\t\t\t\t\t\t<\/div>\r\n\t\t\t\t\t\t\t<p class=\"services-one__text\">We build long-term and strong partnerships with our clients by providing them with recruitment solutions tailored to their needs.<\/p>\r\n\t\t\t\t\t\t\t<div class=\"services-one__bottom\">\r\n\t\t\t\t\t\t\t\t<a href=\"https:\/\/monetahr.com\/en\/hizmetler\/secme-ve-yerlestirme\/\" class=\"services-one__read-more\">Read More<\/a>\r\n\t\t\t\t\t\t\t\t<a href=\"https:\/\/monetahr.com\/en\/hizmetler\/secme-ve-yerlestirme\/\" class=\"services-one__arrow\"><span class=\"icon-right-arrow\"><\/span><\/a>\r\n\t\t\t\t\t\t\t<\/div>\r\n\t\t\t\t\t\t<\/div>\r\n\t\t\t\t\t<\/div>\r\n\t\t\t\t<\/div>\r\n\t\t\t\t\t\t\t<div class=\"col-xl-4 col-lg-4 col-md-6\">\r\n\t\t\t\t\t<!--Services One Single-->\r\n\t\t\t\t\t<div class=\"services-one__single\">\r\n\t\t\t\t\t \t\t\t\t\t\t<div class=\"services-one__img\">\r\n\t\t\t\t\t\t\t<img decoding=\"async\" width=\"370\" height=\"256\" src=\"https:\/\/monetahr.com\/wp-content\/uploads\/2022\/02\/business-situation-job-interview-concept-job-seeker-present-resume-managers-370x256.jpg\" class=\"attachment-oslim_service_370X256 size-oslim_service_370X256 wp-post-image\" alt=\"\" srcset=\"https:\/\/monetahr.com\/wp-content\/uploads\/2022\/02\/business-situation-job-interview-concept-job-seeker-present-resume-managers-370x256.jpg 370w, https:\/\/monetahr.com\/wp-content\/uploads\/2022\/02\/business-situation-job-interview-concept-job-seeker-present-resume-managers-18x12.jpg 18w\" sizes=\"(max-width: 370px) 100vw, 370px\" \/>\t\t\t\t\t\t<\/div>\r\n\t\t\t\t\t  \t\t\t\t\t\t<div class=\"services-one__content\">\r\n\t\t\t\t\t\t\t<div class=\"services-one__title-box\">\r\n\t\t\t\t\t\t\t\t<div class=\"services-one__title-icon\">\r\n\t\t\t\t\t\t\t\t\t\t\t\t\t\t\t\t\t<span class=\"icon-data-analytics\"><\/span>\r\n\t\t\t\t\t\t\t\t<\/div>\r\n\t\t\t\t\t\t\t\t<h3 class=\"services-one__title\"><a href=\"https:\/\/monetahr.com\/en\/hizmetler\/orta-ve-ust-duzey-secme-yerlestirme\/\">Middle and Higher Level Selection and Placement<\/a><\/h3>\r\n\t\t\t\t\t\t\t<\/div>\r\n\t\t\t\t\t\t\t<p class=\"services-one__text\">With our professional recruitment model, we provide services to our business partners in the recruitment of senior executives. Experienced<\/p>\r\n\t\t\t\t\t\t\t<div class=\"services-one__bottom\">\r\n\t\t\t\t\t\t\t\t<a href=\"https:\/\/monetahr.com\/en\/hizmetler\/orta-ve-ust-duzey-secme-yerlestirme\/\" class=\"services-one__read-more\">Read More<\/a>\r\n\t\t\t\t\t\t\t\t<a href=\"https:\/\/monetahr.com\/en\/hizmetler\/orta-ve-ust-duzey-secme-yerlestirme\/\" class=\"services-one__arrow\"><span class=\"icon-right-arrow\"><\/span><\/a>\r\n\t\t\t\t\t\t\t<\/div>\r\n\t\t\t\t\t\t<\/div>\r\n\t\t\t\t\t<\/div>\r\n\t\t\t\t<\/div>\r\n\t\t\t\t\t\t\t<div class=\"col-xl-4 col-lg-4 col-md-6\">\r\n\t\t\t\t\t<!--Services One Single-->\r\n\t\t\t\t\t<div class=\"services-one__single\">\r\n\t\t\t\t\t \t\t\t\t\t\t<div class=\"services-one__img\">\r\n\t\t\t\t\t\t\t<img decoding=\"async\" width=\"370\" height=\"256\" src=\"https:\/\/monetahr.com\/wp-content\/uploads\/2022\/02\/moneta-gorsel-8-370x256.jpg\" class=\"attachment-oslim_service_370X256 size-oslim_service_370X256 wp-post-image\" alt=\"\" \/>\t\t\t\t\t\t<\/div>\r\n\t\t\t\t\t  \t\t\t\t\t\t<div class=\"services-one__content\">\r\n\t\t\t\t\t\t\t<div class=\"services-one__title-box\">\r\n\t\t\t\t\t\t\t\t<div class=\"services-one__title-icon\">\r\n\t\t\t\t\t\t\t\t\t\t\t\t\t\t\t\t\t<span class=\"icon-data-analytics\"><\/span>\r\n\t\t\t\t\t\t\t\t<\/div>\r\n\t\t\t\t\t\t\t\t<h3 class=\"services-one__title\"><a href=\"https:\/\/monetahr.com\/en\/hizmetler\/headhunt\/\">Headhunt<\/a><\/h3>\r\n\t\t\t\t\t\t\t<\/div>\r\n\t\t\t\t\t\t\t<p class=\"services-one__text\">We reach the candidates that you cannot reach in career portals, that are not available in your data, but that you must reach for you.<\/p>\r\n\t\t\t\t\t\t\t<div class=\"services-one__bottom\">\r\n\t\t\t\t\t\t\t\t<a href=\"https:\/\/monetahr.com\/en\/hizmetler\/headhunt\/\" class=\"services-one__read-more\">Read More<\/a>\r\n\t\t\t\t\t\t\t\t<a href=\"https:\/\/monetahr.com\/en\/hizmetler\/headhunt\/\" class=\"services-one__arrow\"><span class=\"icon-right-arrow\"><\/span><\/a>\r\n\t\t\t\t\t\t\t<\/div>\r\n\t\t\t\t\t\t<\/div>\r\n\t\t\t\t\t<\/div>\r\n\t\t\t\t<\/div>\r\n\t\t\t\t\t\t<\/div>\r\n\t\t<\/div>\r\n\t<\/section>\r\n\t<!--Services One End-->\r\n\r\n\t\t<\/div>\n\t\t\t\t<\/div>\n\t\t\t\t<div class=\"elementor-element elementor-element-012226c elementor-widget elementor-widget-oslim-service\" data-id=\"012226c\" data-element_type=\"widget\" data-widget_type=\"oslim-service.default\">\n\t\t\t\t<div class=\"elementor-widget-container\">\n\t\t\t\r\n   <!--Services One Start-->\r\n   <section class=\"services-one\">\r\n\t\t<div class=\"container\">\r\n\t\t\t<div class=\"row\">\r\n\t\t\t\t\t\t\t<div class=\"col-xl-4 col-lg-4 col-md-6\">\r\n\t\t\t\t\t<!--Services One Single-->\r\n\t\t\t\t\t<div class=\"services-one__single\">\r\n\t\t\t\t\t \t\t\t\t\t\t<div class=\"services-one__img\">\r\n\t\t\t\t\t\t\t<img loading=\"lazy\" decoding=\"async\" width=\"370\" height=\"256\" src=\"https:\/\/monetahr.com\/wp-content\/uploads\/2024\/09\/kocluk-370x256.jpg\" class=\"attachment-oslim_service_370X256 size-oslim_service_370X256 wp-post-image\" alt=\"\" srcset=\"https:\/\/monetahr.com\/wp-content\/uploads\/2024\/09\/kocluk-370x256.jpg 370w, https:\/\/monetahr.com\/wp-content\/uploads\/2024\/09\/kocluk-18x12.jpg 18w\" sizes=\"(max-width: 370px) 100vw, 370px\" \/>\t\t\t\t\t\t<\/div>\r\n\t\t\t\t\t  \t\t\t\t\t\t<div class=\"services-one__content\">\r\n\t\t\t\t\t\t\t<div class=\"services-one__title-box\">\r\n\t\t\t\t\t\t\t\t<div class=\"services-one__title-icon\">\r\n\t\t\t\t\t\t\t\t\t\t\t\t\t\t\t\t\t<span class=\"icon-data-analytics\"><\/span>\r\n\t\t\t\t\t\t\t\t<\/div>\r\n\t\t\t\t\t\t\t\t<h3 class=\"services-one__title\"><a href=\"https:\/\/monetahr.com\/en\/hizmetler\/kocluk-nedir-ve-nasil-calisabiliriz\/\">What is Coaching and How Can We Work?<\/a><\/h3>\r\n\t\t\t\t\t\t\t<\/div>\r\n\t\t\t\t\t\t\t<p class=\"services-one__text\">Coaching is a process of guidance to support individuals in achieving their personal or professional goals. The coach is the client's<\/p>\r\n\t\t\t\t\t\t\t<div class=\"services-one__bottom\">\r\n\t\t\t\t\t\t\t\t<a href=\"https:\/\/monetahr.com\/en\/hizmetler\/kocluk-nedir-ve-nasil-calisabiliriz\/\" class=\"services-one__read-more\">Read More<\/a>\r\n\t\t\t\t\t\t\t\t<a href=\"https:\/\/monetahr.com\/en\/hizmetler\/kocluk-nedir-ve-nasil-calisabiliriz\/\" class=\"services-one__arrow\"><span class=\"icon-right-arrow\"><\/span><\/a>\r\n\t\t\t\t\t\t\t<\/div>\r\n\t\t\t\t\t\t<\/div>\r\n\t\t\t\t\t<\/div>\r\n\t\t\t\t<\/div>\r\n\t\t\t\t\t\t\t<div class=\"col-xl-4 col-lg-4 col-md-6\">\r\n\t\t\t\t\t<!--Services One Single-->\r\n\t\t\t\t\t<div class=\"services-one__single\">\r\n\t\t\t\t\t \t\t\t\t\t\t<div class=\"services-one__img\">\r\n\t\t\t\t\t\t\t<img loading=\"lazy\" decoding=\"async\" width=\"370\" height=\"256\" src=\"https:\/\/monetahr.com\/wp-content\/uploads\/2022\/02\/closeup-job-applicant-giving-his-resume-job-interview-office-370x256.jpg\" class=\"attachment-oslim_service_370X256 size-oslim_service_370X256 wp-post-image\" alt=\"\" \/>\t\t\t\t\t\t<\/div>\r\n\t\t\t\t\t  \t\t\t\t\t\t<div class=\"services-one__content\">\r\n\t\t\t\t\t\t\t<div class=\"services-one__title-box\">\r\n\t\t\t\t\t\t\t\t<div class=\"services-one__title-icon\">\r\n\t\t\t\t\t\t\t\t\t\t\t\t\t\t\t\t\t<span class=\"icon-data-analytics\"><\/span>\r\n\t\t\t\t\t\t\t\t<\/div>\r\n\t\t\t\t\t\t\t\t<h3 class=\"services-one__title\"><a href=\"https:\/\/monetahr.com\/en\/hizmetler\/cv-danismanligi\/\">CV Consultancy<\/a><\/h3>\r\n\t\t\t\t\t\t\t<\/div>\r\n\t\t\t\t\t\t\t<p class=\"services-one__text\">To make a difference in your job search, to create a CV identity that suits your talent and competence, to create a<\/p>\r\n\t\t\t\t\t\t\t<div class=\"services-one__bottom\">\r\n\t\t\t\t\t\t\t\t<a href=\"https:\/\/monetahr.com\/en\/hizmetler\/cv-danismanligi\/\" class=\"services-one__read-more\">Read More<\/a>\r\n\t\t\t\t\t\t\t\t<a href=\"https:\/\/monetahr.com\/en\/hizmetler\/cv-danismanligi\/\" class=\"services-one__arrow\"><span class=\"icon-right-arrow\"><\/span><\/a>\r\n\t\t\t\t\t\t\t<\/div>\r\n\t\t\t\t\t\t<\/div>\r\n\t\t\t\t\t<\/div>\r\n\t\t\t\t<\/div>\r\n\t\t\t\t\t\t\t<div class=\"col-xl-4 col-lg-4 col-md-6\">\r\n\t\t\t\t\t<!--Services One Single-->\r\n\t\t\t\t\t<div class=\"services-one__single\">\r\n\t\t\t\t\t \t\t\t\t\t\t<div class=\"services-one__img\">\r\n\t\t\t\t\t\t\t<img loading=\"lazy\" decoding=\"async\" width=\"370\" height=\"256\" src=\"https:\/\/monetahr.com\/wp-content\/uploads\/2022\/02\/portrait-young-business-man-sitting-his-desk-office-370x256.jpg\" class=\"attachment-oslim_service_370X256 size-oslim_service_370X256 wp-post-image\" alt=\"\" \/>\t\t\t\t\t\t<\/div>\r\n\t\t\t\t\t  \t\t\t\t\t\t<div class=\"services-one__content\">\r\n\t\t\t\t\t\t\t<div class=\"services-one__title-box\">\r\n\t\t\t\t\t\t\t\t<div class=\"services-one__title-icon\">\r\n\t\t\t\t\t\t\t\t\t\t\t\t\t\t\t\t\t<span class=\"icon-data-analytics\"><\/span>\r\n\t\t\t\t\t\t\t\t<\/div>\r\n\t\t\t\t\t\t\t\t<h3 class=\"services-one__title\"><a href=\"https:\/\/monetahr.com\/en\/hizmetler\/degerlendirme-merkezi\/\">Evaluation Center<\/a><\/h3>\r\n\t\t\t\t\t\t\t<\/div>\r\n\t\t\t\t\t\t\t<p class=\"services-one__text\">In today's conditions, it is important to provide you with a competitive advantage, to hire the right candidate at the right time, to ensure that your existing talent<\/p>\r\n\t\t\t\t\t\t\t<div class=\"services-one__bottom\">\r\n\t\t\t\t\t\t\t\t<a href=\"https:\/\/monetahr.com\/en\/hizmetler\/degerlendirme-merkezi\/\" class=\"services-one__read-more\">Read More<\/a>\r\n\t\t\t\t\t\t\t\t<a href=\"https:\/\/monetahr.com\/en\/hizmetler\/degerlendirme-merkezi\/\" class=\"services-one__arrow\"><span class=\"icon-right-arrow\"><\/span><\/a>\r\n\t\t\t\t\t\t\t<\/div>\r\n\t\t\t\t\t\t<\/div>\r\n\t\t\t\t\t<\/div>\r\n\t\t\t\t<\/div>\r\n\t\t\t\t\t\t<\/div>\r\n\t\t<\/div>\r\n\t<\/section>\r\n\t<!--Services One End-->\r\n\r\n\t\t<\/div>\n\t\t\t\t<\/div>\n\t\t\t\t<div class=\"elementor-element elementor-element-5267075 elementor-widget elementor-widget-oslim-service\" data-id=\"5267075\" data-element_type=\"widget\" data-widget_type=\"oslim-service.default\">\n\t\t\t\t<div class=\"elementor-widget-container\">\n\t\t\t\r\n   <!--Services One Start-->\r\n   <section class=\"services-one\">\r\n\t\t<div class=\"container\">\r\n\t\t\t<div class=\"row\">\r\n\t\t\t\t\t\t\t<div class=\"col-xl-4 col-lg-4 col-md-6\">\r\n\t\t\t\t\t<!--Services One Single-->\r\n\t\t\t\t\t<div class=\"services-one__single\">\r\n\t\t\t\t\t \t\t\t\t\t\t<div class=\"services-one__img\">\r\n\t\t\t\t\t\t\t<img loading=\"lazy\" decoding=\"async\" width=\"370\" height=\"256\" src=\"https:\/\/monetahr.com\/wp-content\/uploads\/2022\/02\/top-view-office-desk-with-growth-chart-laptop-370x256.jpg\" class=\"attachment-oslim_service_370X256 size-oslim_service_370X256 wp-post-image\" alt=\"\" \/>\t\t\t\t\t\t<\/div>\r\n\t\t\t\t\t  \t\t\t\t\t\t<div class=\"services-one__content\">\r\n\t\t\t\t\t\t\t<div class=\"services-one__title-box\">\r\n\t\t\t\t\t\t\t\t<div class=\"services-one__title-icon\">\r\n\t\t\t\t\t\t\t\t\t\t\t\t\t\t\t\t\t<span class=\"icon-data-analytics\"><\/span>\r\n\t\t\t\t\t\t\t\t<\/div>\r\n\t\t\t\t\t\t\t\t<h3 class=\"services-one__title\"><a href=\"https:\/\/monetahr.com\/en\/hizmetler\/piyasa-ucret-arastirmasi\/\">Market Wage Survey<\/a><\/h3>\r\n\t\t\t\t\t\t\t<\/div>\r\n\t\t\t\t\t\t\t<p class=\"services-one__text\">A market compensation survey is a survey of the salaries, benefits and other rewards that an organization offers to its employees in the sector.<\/p>\r\n\t\t\t\t\t\t\t<div class=\"services-one__bottom\">\r\n\t\t\t\t\t\t\t\t<a href=\"https:\/\/monetahr.com\/en\/hizmetler\/piyasa-ucret-arastirmasi\/\" class=\"services-one__read-more\">Read More<\/a>\r\n\t\t\t\t\t\t\t\t<a href=\"https:\/\/monetahr.com\/en\/hizmetler\/piyasa-ucret-arastirmasi\/\" class=\"services-one__arrow\"><span class=\"icon-right-arrow\"><\/span><\/a>\r\n\t\t\t\t\t\t\t<\/div>\r\n\t\t\t\t\t\t<\/div>\r\n\t\t\t\t\t<\/div>\r\n\t\t\t\t<\/div>\r\n\t\t\t\t\t\t\t<div class=\"col-xl-4 col-lg-4 col-md-6\">\r\n\t\t\t\t\t<!--Services One Single-->\r\n\t\t\t\t\t<div class=\"services-one__single\">\r\n\t\t\t\t\t \t\t\t\t\t\t<div class=\"services-one__img\">\r\n\t\t\t\t\t\t\t<img loading=\"lazy\" decoding=\"async\" width=\"370\" height=\"256\" src=\"https:\/\/monetahr.com\/wp-content\/uploads\/2024\/09\/high-angle-team-meeting-with-women-370x256.jpg\" class=\"attachment-oslim_service_370X256 size-oslim_service_370X256 wp-post-image\" alt=\"\" srcset=\"https:\/\/monetahr.com\/wp-content\/uploads\/2024\/09\/high-angle-team-meeting-with-women-370x256.jpg 370w, https:\/\/monetahr.com\/wp-content\/uploads\/2024\/09\/high-angle-team-meeting-with-women-18x12.jpg 18w\" sizes=\"(max-width: 370px) 100vw, 370px\" \/>\t\t\t\t\t\t<\/div>\r\n\t\t\t\t\t  \t\t\t\t\t\t<div class=\"services-one__content\">\r\n\t\t\t\t\t\t\t<div class=\"services-one__title-box\">\r\n\t\t\t\t\t\t\t\t<div class=\"services-one__title-icon\">\r\n\t\t\t\t\t\t\t\t\t\t\t\t\t\t\t\t\t<span class=\"icon-data-analytics\"><\/span>\r\n\t\t\t\t\t\t\t\t<\/div>\r\n\t\t\t\t\t\t\t\t<h3 class=\"services-one__title\"><a href=\"https:\/\/monetahr.com\/en\/hizmetler\/proje-bazli-ise-alim\/\">Project Based Recruitment<\/a><\/h3>\r\n\t\t\t\t\t\t\t<\/div>\r\n\t\t\t\t\t\t\t<p class=\"services-one__text\">With our project-based working model, we offer fast solutions to our business partners in the short term. Project-based \/ periodic work<\/p>\r\n\t\t\t\t\t\t\t<div class=\"services-one__bottom\">\r\n\t\t\t\t\t\t\t\t<a href=\"https:\/\/monetahr.com\/en\/hizmetler\/proje-bazli-ise-alim\/\" class=\"services-one__read-more\">Read More<\/a>\r\n\t\t\t\t\t\t\t\t<a href=\"https:\/\/monetahr.com\/en\/hizmetler\/proje-bazli-ise-alim\/\" class=\"services-one__arrow\"><span class=\"icon-right-arrow\"><\/span><\/a>\r\n\t\t\t\t\t\t\t<\/div>\r\n\t\t\t\t\t\t<\/div>\r\n\t\t\t\t\t<\/div>\r\n\t\t\t\t<\/div>\r\n\t\t\t\t\t\t\t<div class=\"col-xl-4 col-lg-4 col-md-6\">\r\n\t\t\t\t\t<!--Services One Single-->\r\n\t\t\t\t\t<div class=\"services-one__single\">\r\n\t\t\t\t\t \t\t\t\t\t\t<div class=\"services-one__img\">\r\n\t\t\t\t\t\t\t<img loading=\"lazy\" decoding=\"async\" width=\"370\" height=\"256\" src=\"https:\/\/monetahr.com\/wp-content\/uploads\/2022\/02\/moneta-gorsel-9-370x256.jpg\" class=\"attachment-oslim_service_370X256 size-oslim_service_370X256 wp-post-image\" alt=\"\" \/>\t\t\t\t\t\t<\/div>\r\n\t\t\t\t\t  \t\t\t\t\t\t<div class=\"services-one__content\">\r\n\t\t\t\t\t\t\t<div class=\"services-one__title-box\">\r\n\t\t\t\t\t\t\t\t<div class=\"services-one__title-icon\">\r\n\t\t\t\t\t\t\t\t\t\t\t\t\t\t\t\t\t<span class=\"icon-data-analytics\"><\/span>\r\n\t\t\t\t\t\t\t\t<\/div>\r\n\t\t\t\t\t\t\t\t<h3 class=\"services-one__title\"><a href=\"https:\/\/monetahr.com\/en\/hizmetler\/toplu-ise-alim\/\">Mass Recruitment<\/a><\/h3>\r\n\t\t\t\t\t\t\t<\/div>\r\n\t\t\t\t\t\t\t<p class=\"services-one__text\">With our mass recruitment working model, we reach candidates with the same competencies simultaneously, and provide fast and position-oriented<\/p>\r\n\t\t\t\t\t\t\t<div class=\"services-one__bottom\">\r\n\t\t\t\t\t\t\t\t<a href=\"https:\/\/monetahr.com\/en\/hizmetler\/toplu-ise-alim\/\" class=\"services-one__read-more\">Read More<\/a>\r\n\t\t\t\t\t\t\t\t<a href=\"https:\/\/monetahr.com\/en\/hizmetler\/toplu-ise-alim\/\" class=\"services-one__arrow\"><span class=\"icon-right-arrow\"><\/span><\/a>\r\n\t\t\t\t\t\t\t<\/div>\r\n\t\t\t\t\t\t<\/div>\r\n\t\t\t\t\t<\/div>\r\n\t\t\t\t<\/div>\r\n\t\t\t\t\t\t<\/div>\r\n\t\t<\/div>\r\n\t<\/section>\r\n\t<!--Services One End-->\r\n\r\n\t\t<\/div>\n\t\t\t\t<\/div>\n\t\t\t\t\t<\/div>\n\t\t<\/div>\n\t\t\t\t\t<\/div>\n\t\t<\/section>\n\t\t<div class=\"elementor-element elementor-element-9099907 e-flex e-con-boxed e-con e-parent\" data-id=\"9099907\" data-element_type=\"container\">\n\t\t\t\t\t<div class=\"e-con-inner\">\n\t\t\t\t<div class=\"elementor-element elementor-element-7994a90 elementor-widget elementor-widget-spacer\" data-id=\"7994a90\" data-element_type=\"widget\" data-widget_type=\"spacer.default\">\n\t\t\t\t<div class=\"elementor-widget-container\">\n\t\t\t\t\t<div class=\"elementor-spacer\">\n\t\t\t<div class=\"elementor-spacer-inner\"><\/div>\n\t\t<\/div>\n\t\t\t\t<\/div>\n\t\t\t\t<\/div>\n\t\t\t\t\t<\/div>\n\t\t\t\t<\/div>\n\t\t<div class=\"elementor-element elementor-element-aace64f e-flex e-con-boxed e-con e-parent\" data-id=\"aace64f\" data-element_type=\"container\">\n\t\t\t\t\t<div class=\"e-con-inner\">\n\t\t\t\t<div class=\"elementor-element elementor-element-6416810 elementor-widget elementor-widget-spacer\" data-id=\"6416810\" data-element_type=\"widget\" data-widget_type=\"spacer.default\">\n\t\t\t\t<div class=\"elementor-widget-container\">\n\t\t\t\t\t<div class=\"elementor-spacer\">\n\t\t\t<div class=\"elementor-spacer-inner\"><\/div>\n\t\t<\/div>\n\t\t\t\t<\/div>\n\t\t\t\t<\/div>\n\t\t\t\t\t<\/div>\n\t\t\t\t<\/div>\n\t\t\t\t<\/div>","protected":false},"excerpt":{"rendered":"<p>Se\u00e7me ve Yerle\u015ftirme En b\u00fcy\u00fck \u00f6nceli\u011fimiz, m\u00fc\u015fterilerimize ihtiya\u00e7lar\u0131na \u00f6zel olarak tasarlanm\u0131\u015f i\u015fe al\u0131m \u00e7\u00f6z\u00fcmleri sunmakt\u0131r. \u0130\u015f ve \u00e7\u00f6z\u00fcm Read More Orta ve \u00dcst D\u00fczey Se\u00e7me Yerle\u015ftirme \u0130\u015fe al\u0131m konusundaki profesyonel \u00e7al\u0131\u015fma modelimizle i\u015f ortaklar\u0131m\u0131za \u00fcst d\u00fczey y\u00f6netici al\u0131mlar\u0131nda hizmet vermekteyiz. Deneyimli Read More Headhunt Kariyer portallar\u0131n da ula\u015famad\u0131\u011f\u0131n\u0131z, datalar\u0131n\u0131zda mevcut olmayan ancak mutlaka ula\u015fman\u0131z gereken [&hellip;]<\/p>","protected":false},"author":1,"featured_media":0,"parent":0,"menu_order":0,"comment_status":"closed","ping_status":"closed","template":"elementor_header_footer","meta":{"_monsterinsights_skip_tracking":false,"_monsterinsights_sitenote_active":false,"_monsterinsights_sitenote_note":"","_monsterinsights_sitenote_category":0,"footnotes":""},"aioseo_notices":[],"_links":{"self":[{"href":"https:\/\/monetahr.com\/en\/wp-json\/wp\/v2\/pages\/38"}],"collection":[{"href":"https:\/\/monetahr.com\/en\/wp-json\/wp\/v2\/pages"}],"about":[{"href":"https:\/\/monetahr.com\/en\/wp-json\/wp\/v2\/types\/page"}],"author":[{"embeddable":true,"href":"https:\/\/monetahr.com\/en\/wp-json\/wp\/v2\/users\/1"}],"replies":[{"embeddable":true,"href":"https:\/\/monetahr.com\/en\/wp-json\/wp\/v2\/comments?post=38"}],"version-history":[{"count":28,"href":"https:\/\/monetahr.com\/en\/wp-json\/wp\/v2\/pages\/38\/revisions"}],"predecessor-version":[{"id":3353,"href":"https:\/\/monetahr.com\/en\/wp-json\/wp\/v2\/pages\/38\/revisions\/3353"}],"wp:attachment":[{"href":"https:\/\/monetahr.com\/en\/wp-json\/wp\/v2\/media?parent=38"}],"curies":[{"name":"wp","href":"https:\/\/api.w.org\/{rel}","templated":true}]}}